{"id":9,"date":"2026-01-26T21:53:58","date_gmt":"2026-01-26T20:53:58","guid":{"rendered":"https:\/\/hh2.fikabyte.se\/?page_id=9"},"modified":"2026-02-01T21:08:36","modified_gmt":"2026-02-01T20:08:36","slug":"9-2","status":"publish","type":"page","link":"https:\/\/hh2.fikabyte.se\/","title":{"rendered":""},"content":{"rendered":"\n<div class=\"wp-block-stackable-columns alignfull stk-block-columns stk-block stk-e01b5bb stk-block-background stk--has-background-overlay\" data-block-id=\"e01b5bb\"><style>.stk-e01b5bb:before{background-color:#000000 !important;opacity:0.5 !important;}.stk-e01b5bb {min-height:600px !important;align-items:center !important;margin-top:-79px !important;margin-bottom:80px !important;display:flex !important;}<\/style><div class=\"stk-row stk-inner-blocks stk-block-content stk-content-align stk-e01b5bb-column alignfull\">\n<div class=\"wp-block-stackable-column stk-block-column stk-column stk-block stk-cb9ee7c\" data-v=\"4\" data-block-id=\"cb9ee7c\"><style>.stk-cb9ee7c-container{max-width:886px !important;min-width:auto !important;margin-right:auto !important;margin-left:auto !important;}<\/style><div class=\"stk-column-wrapper stk-block-column__content stk-container stk-cb9ee7c-container stk--no-background stk--no-padding\"><div class=\"stk-block-content stk-inner-blocks stk-cb9ee7c-inner-blocks\">\n<div class=\"wp-block-stackable-heading stk-block-heading stk-block-heading--v2 stk-block stk-cefd7fa\" id=\"span-style-color-var-theme-palette-color-7-ffffff-class-stk-highlight-vi-bygger-span-br-span-style-color-var-theme-palette-color-1-e-36034-class-stk-highlight-vinst-span\" data-block-id=\"cefd7fa\"><h1 class=\"stk-block-heading__text has-text-align-center\"><span style=\"color: var(--theme-palette-color-7, #FFFFFF);\" class=\"stk-highlight\">Vi Bygger<\/span><br><span style=\"color: var(--theme-palette-color-1, #E36034);\" class=\"stk-highlight\">Vinst<\/span><\/h1><\/div>\n\n\n\n<div class=\"wp-block-stackable-heading stk-block-heading stk-block-heading--v2 stk-block stk-dee8db0 stk-block-background\" id=\"span-style-color-var-theme-palette-color-7-ffffff-class-stk-highlight-den-kompletta-leverantoren-som-tar-hand-om-hela-resan-fran-den-forsta-ritningen-till-den-sista-detaljen-ett-nyckelfardigt-hallbart-koncept-skapat-av-manniskor-for-manniskor-span\" data-block-id=\"dee8db0\"><style>.stk-dee8db0 {background-color:var(--theme-palette-color-2, #C54E29) !important;}.stk-dee8db0:before{background-color:var(--theme-palette-color-2, #C54E29) !important;}<\/style><h5 class=\"stk-block-heading__text has-text-align-center\"><span style=\"color: var(--theme-palette-color-7, #FFFFFF);\" class=\"stk-highlight\">Den kompletta leverant\u00f6ren som tar hand om hela resan: fr\u00e5n den f\u00f6rsta ritningen till den sista detaljen. Ett nyckelf\u00e4rdigt, h\u00e5llbart koncept skapat av m\u00e4nniskor, f\u00f6r m\u00e4nniskor.<\/span><\/h5><\/div>\n<\/div><\/div><\/div>\n<\/div><video class=\"stk-video-background\" autoplay muted loop playsinline src=\"https:\/\/hh2.fikabyte.se\/wp-content\/uploads\/2026\/01\/Skapa_Loopbar_Bakgrundsvideo_For_Hemsida.mp4\" poster=\"\"><\/video><\/div>\n\n\n\n<div class=\"wp-block-stackable-columns stk-block-columns stk-block stk-3416b7b\" data-block-id=\"3416b7b\"><style>.stk-3416b7b {margin-bottom:80px !important;}<\/style><div class=\"stk-row stk-inner-blocks stk-block-content stk-content-align stk-3416b7b-column\">\n<div class=\"wp-block-stackable-column stk-block-column stk-column stk-block stk-ef4d7e9\" data-v=\"4\" data-block-id=\"ef4d7e9\"><div class=\"stk-column-wrapper stk-block-column__content stk-container stk-ef4d7e9-container stk--no-background stk--no-padding\"><div class=\"stk-block-content stk-inner-blocks stk-ef4d7e9-inner-blocks\">\n<blockquote class=\"wp-block-stackable-blockquote stk-block-blockquote stk-block stk-a53c21d is-style-default\" data-v=\"2\" data-block-id=\"a53c21d\"><div class=\"has-text-align-left stk-block-blockquote__content stk-container stk-a53c21d-container stk-hover-parent\"><div class=\"stk-block-content stk-inner-blocks\">\n<div class=\"wp-block-stackable-icon stk-block-icon stk-block stk-9808795\" data-block-id=\"9808795\"><span class=\"stk--svg-wrapper\"><div class=\"stk--inner-svg\"><svg style=\"height:0;width:0\"><defs><linearGradient id=\"linear-gradient-9808795\" x1=\"0\" x2=\"100%\" y1=\"0\" y2=\"0\"><stop offset=\"0%\" style=\"stop-opacity:1;stop-color:var(--linear-gradient-9808795-color-1)\"><\/stop><stop offset=\"100%\" style=\"stop-opacity:1;stop-color:var(--linear-gradient-9808795-color-2)\"><\/stop><\/linearGradient><\/defs><\/svg><svg xmlns=\"http:\/\/www.w3.org\/2000\/svg\" viewBox=\"0 0 50 50\" aria-hidden=\"true\" width=\"32\" height=\"32\"><path d=\"M19.8 9.3C10.5 11.8 4.6 17 2.1 24.8c2.3-3.6 5.6-5.4 9.9-5.4 3.3 0 6 1.1 8.3 3.3 2.2 2.2 3.4 5 3.4 8.3 0 3.2-1.1 5.8-3.3 8-2.2 2.2-5.1 3.2-8.7 3.2-3.7 0-6.5-1.2-8.6-3.5C1 36.3 0 33.1 0 29 0 18.3 6.5 11.2 19.6 7.9l.2 1.4zm26.4 0C36.9 11.9 31 17 28.5 24.8c2.2-3.6 5.5-5.4 9.8-5.4 3.2 0 6 1.1 8.3 3.2 2.3 2.2 3.4 4.9 3.4 8.3 0 3.1-1.1 5.8-3.3 7.9-2.2 2.2-5.1 3.3-8.6 3.3-3.7 0-6.6-1.1-8.6-3.4-2.1-2.3-3.1-5.5-3.1-9.7 0-10.7 6.6-17.8 19.7-21.1l.1 1.4z\"><\/path><\/svg><\/div><\/span><\/div>\n\n\n\n<div class=\"wp-block-stackable-text stk-block-text stk-block stk-bf40fa1\" data-block-id=\"bf40fa1\"><p class=\"stk-block-text__text\">Vi omdefinierar standarden f\u00f6r upplevelsebaserade etableringar. Vi bevisar att design, byggnation och l\u00f6nsamhet inte \u00e4r motsatser \u2013 de \u00e4r grundpelarna i varje framg\u00e5ngsrikt restaurangkoncept.<br><br>I en bransch d\u00e4r os\u00e4kerhet och of\u00f6rutsedda kostnader ofta r\u00e5der, kliver vi in som din enda, trygga partner. Vi \u00e4r den kompletta leverant\u00f6ren som tar hand om hela resan: fr\u00e5n den f\u00f6rsta ritningen till den sista detaljen i inredningen. Vi samordnar expertis, projekterar perfektion och garanterar transparens.<br><br>Vi levererar mer \u00e4n bara ett bygge. Vi levererar ett nyckelf\u00e4rdigt, h\u00e5llbart koncept skapat av m\u00e4nniskor, f\u00f6r m\u00e4nniskor. Ett bygge f\u00f6r livstids l\u00f6nsamhet.<\/p><\/div>\n<\/div><\/div><\/blockquote>\n<\/div><\/div><\/div>\n<\/div><\/div>\n\n\n\n<div class=\"wp-block-stackable-feature-grid alignwide stk-block-feature-grid stk-block-columns stk-block stk-3d6750b is-style-default\" data-block-id=\"3d6750b\"><style>.stk-3d6750b {margin-bottom:80px !important;}<\/style><div class=\"stk-row stk-inner-blocks has-text-align-center stk-block-content stk-content-align stk-3d6750b-column alignwide\">\n<div class=\"wp-block-stackable-column stk-block-column stk-column stk-block stk-e44bf16\" data-v=\"4\" data-block-id=\"e44bf16\"><div class=\"stk-column-wrapper stk-block-column__content stk-container stk-e44bf16-container stk-hover-parent\"><div class=\"stk-block-content stk-inner-blocks stk-e44bf16-inner-blocks\">\n<div class=\"wp-block-stackable-image stk-block-image stk-block stk-d694ee9\" data-block-id=\"d694ee9\"><style>.stk-d694ee9 .stk-img-wrapper{height:150px !important;}<\/style><figure><span class=\"stk-img-wrapper stk-image--shape-stretch\"><img loading=\"lazy\" decoding=\"async\" class=\"stk-img wp-image-40\" src=\"https:\/\/hh2.fikabyte.se\/wp-content\/uploads\/2026\/01\/AdobeStock_1428723723-scaled.jpeg\" width=\"2560\" height=\"1435\" srcset=\"https:\/\/hh2.fikabyte.se\/wp-content\/uploads\/2026\/01\/AdobeStock_1428723723-scaled.jpeg 2560w, https:\/\/hh2.fikabyte.se\/wp-content\/uploads\/2026\/01\/AdobeStock_1428723723-300x168.jpeg 300w, https:\/\/hh2.fikabyte.se\/wp-content\/uploads\/2026\/01\/AdobeStock_1428723723-1024x574.jpeg 1024w, https:\/\/hh2.fikabyte.se\/wp-content\/uploads\/2026\/01\/AdobeStock_1428723723-768x430.jpeg 768w, https:\/\/hh2.fikabyte.se\/wp-content\/uploads\/2026\/01\/AdobeStock_1428723723-1536x861.jpeg 1536w, https:\/\/hh2.fikabyte.se\/wp-content\/uploads\/2026\/01\/AdobeStock_1428723723-2048x1148.jpeg 2048w\" sizes=\"auto, (max-width: 2560px) 100vw, 2560px\" \/><\/span><\/figure><\/div>\n\n\n\n<div class=\"wp-block-stackable-heading stk-block-heading stk-block-heading--v2 stk-block stk-25fa65b\" id=\"komplett-koncept\" data-block-id=\"25fa65b\"><h4 class=\"stk-block-heading__text\">Komplett Koncept<\/h4><\/div>\n\n\n\n<div class=\"wp-block-stackable-text stk-block-text stk-block stk-acdab8d\" data-block-id=\"acdab8d\"><p class=\"stk-block-text__text\">Vi \u00e4r din kompletta partner som f\u00f6rverkligar id\u00e9n fr\u00e5n f\u00f6rsta ritning till nyckelf\u00e4rdig verksamhet. Genom att samordna design, projektering, byggnation och installation fungerar vi som din enda kontaktpunkt under hela resan. Detta minskar ditt administrativa ansvar och s\u00e4kerst\u00e4ller en sammanh\u00e5llen vision d\u00e4r inget faller mellan stolarna.<\/p><\/div>\n<\/div><\/div><\/div>\n\n\n\n<div class=\"wp-block-stackable-column stk-block-column stk-column stk-block stk-6c44eaa\" data-v=\"4\" data-block-id=\"6c44eaa\"><div class=\"stk-column-wrapper stk-block-column__content stk-container stk-6c44eaa-container stk-hover-parent\"><div class=\"stk-block-content stk-inner-blocks stk-6c44eaa-inner-blocks\">\n<div class=\"wp-block-stackable-image stk-block-image stk-block stk-7a5820c\" data-block-id=\"7a5820c\"><style>.stk-7a5820c .stk-img-wrapper{height:150px !important;}<\/style><figure><span class=\"stk-img-wrapper stk-image--shape-stretch\"><img loading=\"lazy\" decoding=\"async\" class=\"stk-img wp-image-39\" src=\"https:\/\/hh2.fikabyte.se\/wp-content\/uploads\/2026\/01\/AdobeStock_1647782363-scaled.jpeg\" width=\"2560\" height=\"1435\" srcset=\"https:\/\/hh2.fikabyte.se\/wp-content\/uploads\/2026\/01\/AdobeStock_1647782363-scaled.jpeg 2560w, https:\/\/hh2.fikabyte.se\/wp-content\/uploads\/2026\/01\/AdobeStock_1647782363-300x168.jpeg 300w, https:\/\/hh2.fikabyte.se\/wp-content\/uploads\/2026\/01\/AdobeStock_1647782363-1024x574.jpeg 1024w, https:\/\/hh2.fikabyte.se\/wp-content\/uploads\/2026\/01\/AdobeStock_1647782363-768x430.jpeg 768w, https:\/\/hh2.fikabyte.se\/wp-content\/uploads\/2026\/01\/AdobeStock_1647782363-1536x861.jpeg 1536w, https:\/\/hh2.fikabyte.se\/wp-content\/uploads\/2026\/01\/AdobeStock_1647782363-2048x1148.jpeg 2048w\" sizes=\"auto, (max-width: 2560px) 100vw, 2560px\" \/><\/span><\/figure><\/div>\n\n\n\n<div class=\"wp-block-stackable-heading stk-block-heading stk-block-heading--v2 stk-block stk-a20ee3e\" id=\"direkt-konkurrensfordel\" data-block-id=\"a20ee3e\"><h4 class=\"stk-block-heading__text\">Direkt Konkurrensf\u00f6rdel<\/h4><\/div>\n\n\n\n<div class=\"wp-block-stackable-text stk-block-text stk-block stk-aa60b1e\" data-block-id=\"aa60b1e\"><p class=\"stk-block-text__text\">Som kund hos H\u00e5rd Hattarna f\u00e5r du en omedelbar ekonomisk f\u00f6rdel som str\u00e4cker sig bortom sj\u00e4lva byggprojektet. Vi ger dig tillg\u00e5ng till v\u00e5ra unikt f\u00f6rhandlade priser och rabatter hos Sveriges st\u00f6rsta restauranggrossister. Genom l\u00e4gre l\u00f6pande ink\u00f6pskostnader f\u00f6r dina r\u00e5varor och f\u00f6rbrukningsvaror st\u00e4rker vi din konkurrenskraft fr\u00e5n dag ett.<\/p><\/div>\n<\/div><\/div><\/div>\n\n\n\n<div class=\"wp-block-stackable-column stk-block-column stk-column stk-block stk-3cec3ab\" data-v=\"4\" data-block-id=\"3cec3ab\"><div class=\"stk-column-wrapper stk-block-column__content stk-container stk-3cec3ab-container stk-hover-parent\"><div class=\"stk-block-content stk-inner-blocks stk-3cec3ab-inner-blocks\">\n<div class=\"wp-block-stackable-image stk-block-image stk-block stk-39df318\" data-block-id=\"39df318\"><style>.stk-39df318 .stk-img-wrapper{height:150px !important;}<\/style><figure><span class=\"stk-img-wrapper stk-image--shape-stretch\"><img loading=\"lazy\" decoding=\"async\" class=\"stk-img wp-image-38\" src=\"https:\/\/hh2.fikabyte.se\/wp-content\/uploads\/2026\/01\/AdobeStock_652113635-scaled.jpeg\" width=\"2560\" height=\"1708\" srcset=\"https:\/\/hh2.fikabyte.se\/wp-content\/uploads\/2026\/01\/AdobeStock_652113635-scaled.jpeg 2560w, https:\/\/hh2.fikabyte.se\/wp-content\/uploads\/2026\/01\/AdobeStock_652113635-300x200.jpeg 300w, https:\/\/hh2.fikabyte.se\/wp-content\/uploads\/2026\/01\/AdobeStock_652113635-1024x683.jpeg 1024w, https:\/\/hh2.fikabyte.se\/wp-content\/uploads\/2026\/01\/AdobeStock_652113635-768x512.jpeg 768w, https:\/\/hh2.fikabyte.se\/wp-content\/uploads\/2026\/01\/AdobeStock_652113635-1536x1025.jpeg 1536w, https:\/\/hh2.fikabyte.se\/wp-content\/uploads\/2026\/01\/AdobeStock_652113635-2048x1366.jpeg 2048w\" sizes=\"auto, (max-width: 2560px) 100vw, 2560px\" \/><\/span><\/figure><\/div>\n\n\n\n<div class=\"wp-block-stackable-heading stk-block-heading stk-block-heading--v2 stk-block stk-27e094c\" id=\"skalbar-expertis\" data-block-id=\"27e094c\"><h4 class=\"stk-block-heading__text\">Skalbar Expertis<\/h4><\/div>\n\n\n\n<div class=\"wp-block-stackable-text stk-block-text stk-block stk-1359e2f\" data-block-id=\"1359e2f\"><p class=\"stk-block-text__text\">V\u00e5r aff\u00e4rsmodell bygger p\u00e5 ett omfattande n\u00e4tverk av handplockade experter, arkitekter och tekniska specialister. Ist\u00e4llet f\u00f6r att vara begr\u00e4nsade av egen personal, handlar vi upp den spetskompetens som passar b\u00e4st f\u00f6r just ditt specifika projekt och din geografiska plats. Det g\u00f6r oss flexibla, snabbfotade och alltid r\u00e4tt rustade f\u00f6r varje unik utmaning.<\/p><\/div>\n<\/div><\/div><\/div>\n\n\n\n<div class=\"wp-block-stackable-column stk-block-column stk-column stk-block stk-f271f97\" data-v=\"4\" data-block-id=\"f271f97\"><div class=\"stk-column-wrapper stk-block-column__content stk-container stk-f271f97-container stk-hover-parent\"><div class=\"stk-block-content stk-inner-blocks stk-f271f97-inner-blocks\">\n<div class=\"wp-block-stackable-image stk-block-image stk-block stk-7066098\" data-block-id=\"7066098\"><style>.stk-7066098 .stk-img-wrapper{height:150px !important;}<\/style><figure><span class=\"stk-img-wrapper stk-image--shape-stretch\"><img loading=\"lazy\" decoding=\"async\" class=\"stk-img wp-image-37\" src=\"https:\/\/hh2.fikabyte.se\/wp-content\/uploads\/2026\/01\/AdobeStock_1723227072-scaled.jpeg\" width=\"2560\" height=\"1463\" srcset=\"https:\/\/hh2.fikabyte.se\/wp-content\/uploads\/2026\/01\/AdobeStock_1723227072-scaled.jpeg 2560w, https:\/\/hh2.fikabyte.se\/wp-content\/uploads\/2026\/01\/AdobeStock_1723227072-300x171.jpeg 300w, https:\/\/hh2.fikabyte.se\/wp-content\/uploads\/2026\/01\/AdobeStock_1723227072-1024x585.jpeg 1024w, https:\/\/hh2.fikabyte.se\/wp-content\/uploads\/2026\/01\/AdobeStock_1723227072-768x439.jpeg 768w, https:\/\/hh2.fikabyte.se\/wp-content\/uploads\/2026\/01\/AdobeStock_1723227072-1536x878.jpeg 1536w, https:\/\/hh2.fikabyte.se\/wp-content\/uploads\/2026\/01\/AdobeStock_1723227072-2048x1170.jpeg 2048w\" sizes=\"auto, (max-width: 2560px) 100vw, 2560px\" \/><\/span><\/figure><\/div>\n\n\n\n<div class=\"wp-block-stackable-heading stk-block-heading stk-block-heading--v2 stk-block stk-6c93e50\" id=\"livstids-lonsamhet\" data-block-id=\"6c93e50\"><h4 class=\"stk-block-heading__text\">Livstids L\u00f6nsamhet<\/h4><\/div>\n\n\n\n<div class=\"wp-block-stackable-text stk-block-text stk-block stk-0ddfb68\" data-block-id=\"0ddfb68\"><p class=\"stk-block-text__text\">Vi fokuserar p\u00e5 kvalitet och h\u00e5llbarhet som l\u00f6nar sig \u00f6ver tid. Genom att endast v\u00e4lja produkter och tekniska l\u00f6sningar som vi vet \u00f6vertr\u00e4ffar f\u00f6rv\u00e4ntningarna, minimerar vi framtida underh\u00e5ll och driftst\u00f6rningar. Vi kombinerar tr\u00e4ffs\u00e4ker projekt ekonomi med innovativ design f\u00f6r att skapa milj\u00f6er d\u00e4r m\u00e4nniskor trivs och din verksamhet kan v\u00e4xa h\u00e5llbart<\/p><\/div>\n<\/div><\/div><\/div>\n<\/div><\/div>\n\n\n\n<div class=\"wp-block-stackable-columns alignfull stk-block-columns stk-block stk-bf22408 stk-block-background stk--has-background-overlay\" data-block-id=\"bf22408\"><style>.stk-bf22408 {background-image:url(https:\/\/hh2.fikabyte.se\/wp-content\/uploads\/2026\/01\/AdobeStock_1664935602-scaled.jpeg) !important;margin-bottom:80px !important;}.stk-bf22408:before{background-color:#000000 !important;opacity:0.4 !important;}<\/style><div class=\"stk-row stk-inner-blocks stk-block-content stk-content-align stk-bf22408-column alignfull\">\n<div class=\"wp-block-stackable-column stk-block-column stk-column stk-block stk-56d2ceb\" data-v=\"4\" data-block-id=\"56d2ceb\"><style>.stk-56d2ceb-container{max-width:700px !important;min-width:auto !important;margin-right:auto !important;margin-left:auto !important;}<\/style><div class=\"stk-column-wrapper stk-block-column__content stk-container stk-56d2ceb-container stk--no-background stk--no-padding\"><div class=\"stk-block-content stk-inner-blocks stk-56d2ceb-inner-blocks\">\n<div class=\"wp-block-stackable-heading stk-block-heading stk-block-heading--v2 stk-block stk-b80669b\" id=\"span-style-color-var-theme-palette-color-7-ffffff-class-stk-highlight-fran-den-forsta-ritningen-till-ett-hallbart-koncept-span\" data-block-id=\"b80669b\"><style>.stk-b80669b {margin-bottom:0px !important;}<\/style><h2 class=\"stk-block-heading__text has-text-align-center\"><span style=\"color: var(--theme-palette-color-1, #E36034);\" class=\"stk-highlight\">Projektering &amp; Design<\/span><\/h2><\/div>\n\n\n\n<div class=\"wp-block-stackable-heading stk-block-heading stk-block-heading--v2 stk-block stk-0a35ca2\" id=\"span-style-color-var-theme-palette-color-7-ffffff-class-stk-highlight-fran-den-forsta-ritningen-till-ett-hallbart-koncept-span\" data-block-id=\"0a35ca2\"><h5 class=\"stk-block-heading__text has-text-align-center\"><span style=\"color: var(--theme-palette-color-7, #FFFFFF);\" class=\"stk-highlight\">Fr\u00e5n den f\u00f6rsta ritningen till ett h\u00e5llbart koncept.<\/span><\/h5><\/div>\n\n\n\n<div class=\"wp-block-stackable-text stk-block-text stk-block stk-6f2b504\" id=\"span-style-color-var-theme-palette-color-7-ffffff-class-stk-highlight-fran-den-forsta-ritningen-till-ett-hallbart-koncept-span\" data-block-id=\"6f2b504\"><style>.stk-6f2b504 {margin-bottom:50px !important;}<\/style><p class=\"stk-block-text__text has-text-align-center\"><span style=\"color: var(--theme-palette-color-7, #FFFFFF);\" class=\"stk-highlight\">Vi f\u00f6rverkligar din vision genom professionell design och detaljerad planering. Genom att kombinera arkitektonisk expertis med din unika id\u00e9 skapar vi milj\u00f6er som \u00e4r optimerade f\u00f6r b\u00e5de g\u00e4ster och personal. Vi tar hand om hela resan s\u00e5 att fundamentet blir r\u00e4tt fr\u00e5n start.<\/span><\/p><\/div>\n\n\n\n<div class=\"wp-block-stackable-heading stk-block-heading stk-block-heading--v2 stk-block stk-a0abe0f\" id=\"span-style-color-var-theme-palette-color-7-ffffff-class-stk-highlight-ett-nyckelfardigt-hantverk-av-manniskor-for-manniskor-span\" data-block-id=\"a0abe0f\"><style>.stk-a0abe0f {margin-bottom:0px !important;}<\/style><h2 class=\"stk-block-heading__text has-text-align-center\"><span style=\"color: var(--theme-palette-color-1, #E36034);\" class=\"stk-highlight\">Byggnation &amp; Installation<\/span><\/h2><\/div>\n\n\n\n<div class=\"wp-block-stackable-heading stk-block-heading stk-block-heading--v2 stk-block stk-dfe1e9a\" id=\"span-style-color-var-theme-palette-color-7-ffffff-class-stk-highlight-ett-nyckelfardigt-hantverk-av-manniskor-for-manniskor-span\" data-block-id=\"dfe1e9a\"><h5 class=\"stk-block-heading__text has-text-align-center\"><span style=\"color: var(--theme-palette-color-7, #FFFFFF);\" class=\"stk-highlight\">Ett nyckelf\u00e4rdigt hantverk av m\u00e4nniskor, f\u00f6r m\u00e4nniskor.<\/span><\/h5><\/div>\n\n\n\n<div class=\"wp-block-stackable-text stk-block-text stk-block stk-d7a35b7\" id=\"span-style-color-var-theme-palette-color-7-ffffff-class-stk-highlight-ett-nyckelfardigt-hantverk-av-manniskor-for-manniskor-span\" data-block-id=\"d7a35b7\"><style>.stk-d7a35b7 {margin-bottom:50px !important;}<\/style><p class=\"stk-block-text__text has-text-align-center\"><span style=\"color: var(--theme-palette-color-7, #FFFFFF);\" class=\"stk-highlight\">Vi samordnar alla byggarbeten, installationer och montage genom v\u00e5rt n\u00e4tverk av handplockade specialister. Som din enda kontaktpunkt s\u00e4kerst\u00e4ller vi smidiga leveranser och ett professionellt utf\u00f6rande i varje detalj. Vi bygger inte bara en lokal, vi skapar en fungerande maskin f\u00f6r din verksamhet.<\/span><\/p><\/div>\n\n\n\n<div class=\"wp-block-stackable-heading stk-block-heading stk-block-heading--v2 stk-block stk-dcac9c4\" id=\"span-style-color-var-theme-palette-color-1-e-36034-class-stk-highlight-inredning-amp-inkopsfordelar-span\" data-block-id=\"dcac9c4\"><style>.stk-dcac9c4 {margin-bottom:0px !important;}<\/style><h2 class=\"stk-block-heading__text has-text-align-center\"><span style=\"color: var(--theme-palette-color-1, #E36034);\" class=\"stk-highlight\">Inredning &amp; Ink\u00f6psf\u00f6rdelar<\/span><\/h2><\/div>\n\n\n\n<div class=\"wp-block-stackable-heading stk-block-heading stk-block-heading--v2 stk-block stk-7e63c0b\" id=\"span-style-color-var-theme-palette-color-7-ffffff-class-stk-highlight-komplett-utrustning-och-marknadens-basta-villkor-span\" data-block-id=\"7e63c0b\"><h5 class=\"stk-block-heading__text has-text-align-center\"><span style=\"color: var(--theme-palette-color-7, #FFFFFF);\" class=\"stk-highlight\">Komplett utrustning och marknadens b\u00e4sta villkor.<\/span><\/h5><\/div>\n\n\n\n<div class=\"wp-block-stackable-text stk-block-text stk-block stk-b2e42a6\" data-block-id=\"b2e42a6\"><p class=\"stk-block-text__text has-text-align-center\"><span style=\"color: var(--theme-palette-color-7, #FFFFFF);\" class=\"stk-highlight\">Vi inreder din restaurang med unika l\u00f6sningar som \u00f6vertr\u00e4ffar f\u00f6rv\u00e4ntningar. Genom v\u00e5ra exklusiva avtal med Sveriges st\u00f6rsta restauranggrossister f\u00e5r du dessutom direkt s\u00e4nkta l\u00f6pande kostnader. Det ger dig en omedelbar konkurrensf\u00f6rdel och en mer tr\u00e4ffs\u00e4ker ekonomi.<\/span><\/p><\/div>\n<\/div><\/div><\/div>\n<\/div><\/div>\n\n\n\n<div class=\"wp-block-cover alignfull\" style=\"margin-top:0;padding-top:5vw;padding-right:5vw;padding-bottom:5vw;padding-left:5vw\"><span aria-hidden=\"true\" class=\"wp-block-cover__background has-palette-color-1-background-color has-background-dim-100 has-background-dim\"><\/span><div class=\"wp-block-cover__inner-container is-layout-flow wp-block-cover-is-layout-flow\">\n<div class=\"wp-block-group is-layout-flex wp-container-core-group-is-layout-d0921e6e wp-block-group-is-layout-flex\">\n<div class=\"wp-block-group wp-container-content-8eb0bdf3 is-layout-flow wp-container-core-group-is-layout-634f0b9d wp-block-group-is-layout-flow\">\n<p class=\"wp-container-content-aeb25491\" style=\"font-size:clamp(14px, 0.875rem + ((1vw - 3.2px) * 0.234), 17px);font-style:normal;font-weight:300;letter-spacing:0px;line-height:1.4;text-decoration:none;text-transform:none\">L\u00e5t oss f\u00f6rverkliga din restaurangdr\u00f6m med ett nyckelf\u00e4rdigt och h\u00e5llbart koncept skapat av m\u00e4nniskor, f\u00f6r m\u00e4nniskor. \u00c4r du redo att ta n\u00e4sta steg i din etablering?<\/p>\n\n\n\n<div class=\"wp-block-buttons is-layout-flex wp-block-buttons-is-layout-flex\">\n<div class=\"wp-block-button\"><a class=\"wp-block-button__link has-white-color has-palette-color-3-background-color has-text-color has-background has-custom-font-size wp-element-button\" style=\"border-radius:0px;border-top-style:none;border-top-width:0px;border-right-style:none;border-right-width:0px;border-bottom-style:none;border-bottom-width:0px;border-left-style:none;border-left-width:0px;padding-top:14px;padding-right:36px;padding-bottom:14px;padding-left:36px;font-size:clamp(14px, 0.875rem + ((1vw - 3.2px) * 0.234), 17px);font-style:normal;font-weight:700;letter-spacing:0px;text-decoration:none;text-transform:uppercase\">KONTAKTA OSS NU<\/a><\/div>\n<\/div>\n<\/div>\n\n\n\n<div class=\"wp-block-group wp-container-content-9cfa9a5a is-layout-flow wp-container-core-group-is-layout-d6743c7d wp-block-group-is-layout-flow\">\n<p class=\"has-text-align-right has-black-color has-text-color\" style=\"font-size:clamp(67.975px, 4.248rem + ((1vw - 3.2px) * 6.252), 148px);font-style:normal;font-weight:700;letter-spacing:-4px;line-height:0.8;text-transform:uppercase\"><span style=\"color: var(--theme-palette-color-3, #333333);\" class=\"stk-highlight\">H\u00c5RD<\/span><\/p>\n\n\n\n<p class=\"has-text-align-right has-white-color has-text-color\" style=\"font-size:clamp(67.975px, 4.248rem + ((1vw - 3.2px) * 6.252), 148px);font-style:normal;font-weight:700;letter-spacing:-4px;line-height:0.8;text-transform:uppercase\">HATTARNA<\/p>\n<\/div>\n<\/div>\n<\/div><\/div>\n","protected":false},"excerpt":{"rendered":"<p>Vi ByggerVinst Den kompletta leverant\u00f6ren som tar hand om hela resan: fr\u00e5n den f\u00f6rsta ritningen till den sista detaljen. Ett nyckelf\u00e4rdigt, h\u00e5llbart koncept skapat av m\u00e4nniskor, f\u00f6r m\u00e4nniskor. Vi omdefinierar standarden f\u00f6r upplevelsebaserade etableringar. Vi bevisar att design, byggnation och l\u00f6nsamhet inte \u00e4r motsatser \u2013 de \u00e4r grundpelarna i varje framg\u00e5ngsrikt restaurangkoncept. I en bransch [&hellip;]<\/p>\n","protected":false},"author":1,"featured_media":0,"parent":0,"menu_order":0,"comment_status":"closed","ping_status":"closed","template":"","meta":{"footnotes":""},"class_list":["post-9","page","type-page","status-publish","hentry"],"blocksy_meta":{"background":{"background_type":"color","background_pattern":"type-1","background_image":{"attachment_id":null,"x":0,"y":0},"gradient":"linear-gradient(135deg,rgba(6,147,227,1) 0%,rgb(155,81,224) 100%)","background_repeat":"repeat","background_size":"auto","background_attachment":"scroll","patternColor":{"default":{"color":"#e5e7ea"}},"overlayColor":{"default":{"color":"CT_CSS_SKIP_RULE"}},"backgroundColor":{"default":{"color":"var(--theme-palette-color-8)"}}},"styles_descriptor":{"styles":{"desktop":"[data-prefix=\"single_page\"] {background-color:var(--theme-palette-color-8);background-image:none;}","tablet":"","mobile":""},"google_fonts":[],"version":6}},"_links":{"self":[{"href":"https:\/\/hh2.fikabyte.se\/index.php?rest_route=\/wp\/v2\/pages\/9","targetHints":{"allow":["GET"]}}],"collection":[{"href":"https:\/\/hh2.fikabyte.se\/index.php?rest_route=\/wp\/v2\/pages"}],"about":[{"href":"https:\/\/hh2.fikabyte.se\/index.php?rest_route=\/wp\/v2\/types\/page"}],"author":[{"embeddable":true,"href":"https:\/\/hh2.fikabyte.se\/index.php?rest_route=\/wp\/v2\/users\/1"}],"replies":[{"embeddable":true,"href":"https:\/\/hh2.fikabyte.se\/index.php?rest_route=%2Fwp%2Fv2%2Fcomments&post=9"}],"version-history":[{"count":30,"href":"https:\/\/hh2.fikabyte.se\/index.php?rest_route=\/wp\/v2\/pages\/9\/revisions"}],"predecessor-version":[{"id":54,"href":"https:\/\/hh2.fikabyte.se\/index.php?rest_route=\/wp\/v2\/pages\/9\/revisions\/54"}],"wp:attachment":[{"href":"https:\/\/hh2.fikabyte.se\/index.php?rest_route=%2Fwp%2Fv2%2Fmedia&parent=9"}],"curies":[{"name":"wp","href":"https:\/\/api.w.org\/{rel}","templated":true}]}}